{"id":12,"date":"2024-07-03T09:01:42","date_gmt":"2024-07-03T08:01:42","guid":{"rendered":"https:\/\/www.dactilplus.com\/es\/?page_id=12"},"modified":"2025-12-18T12:41:41","modified_gmt":"2025-12-18T11:41:41","slug":"bspro2-app","status":"publish","type":"page","link":"https:\/\/www.dactilplus.com\/es\/bspro2-app\/","title":{"rendered":"SERAPHIM \/ BSPRO2 App"},"content":{"rendered":"\n<div class=\"wp-block-group alignwide is-layout-flow wp-block-group-is-layout-flow\">\n<div class=\"wp-block-columns is-layout-flex wp-container-core-columns-is-layout-28f84493 wp-block-columns-is-layout-flex\">\n<div class=\"wp-block-column is-layout-flow wp-block-column-is-layout-flow\">\n<p>SERAPHIM \/ BSPRO2 App es una aplicaci\u00f3n dise\u00f1ada para Android e iOS compatible con BioSecuritas PRO 2<\/p>\n\n\n\n<p>Registro de jornada labora con geolocalizaci\u00f3n<br>El usuario podr\u00e1 registrar su inicio y fin de jornada laboral desde el m\u00f3vil, registrando la ubicaci\u00f3n GPS de ambos.<\/p>\n\n\n\n<p>Intercambio de im\u00e1genes<br>Tanto el usuario como el administrador del sistema podr\u00e1n intercambiar archivos de imagen. Estos archivos estar\u00e1n disponibles solo entre ambos.<\/p>\n\n\n\n<p>Listados de fichajes<br>Los administradores del sistema podr\u00e1n revisar todos los registros de fichajes filtrando por empleado y entre las fechas que deseen.<\/p>\n\n\n\n<p>Una vez dada de alta la empresa en el sistema SERAPHIM \/ BSPRO2 App se le facilitara un c\u00f3digo de empresa y un password, que deber\u00e1n introducir los empleados al iniciar el app por primera vez.<\/p>\n\n\n\n<p>Los usuarios se dan de alta desde la aplicaci\u00f3n de escritorio BioSecuritas PRO2, donde se le asignar\u00e1 el ID y password para acceder desde el app. El app recordar\u00e1 estos datos las siguientes veces que se abra.<\/p>\n\n\n\n<p>Todos los registros de fichajes se almacenar\u00e1n en la base de datos de BioSecuritas PRO 2, la cual debe poder ser accesible por el app. Estando ubicada en un servidor web o en un servidor local con IP fija.<\/p>\n\n\n\n<p>Para poder intercambiar imagenes es preciso que la empresa disponga de un servidor FTP donde almacenarlas.<\/p>\n<\/div>\n\n\n\n<div class=\"wp-block-column is-layout-flow wp-block-column-is-layout-flow\">\n<figure class=\"wp-block-gallery has-nested-images columns-2 is-cropped wp-block-gallery-2 is-layout-flex wp-block-gallery-is-layout-flex\">\n<figure class=\"wp-block-image size-large\"><a href=\"https:\/\/www.dactilplus.com\/es\/wp-content\/uploads\/2024\/07\/unnamed.webp\"><img loading=\"lazy\" decoding=\"async\" width=\"576\" height=\"1024\" data-id=\"1615\" src=\"https:\/\/www.dactilplus.com\/es\/wp-content\/uploads\/2024\/07\/unnamed-576x1024.webp\" alt=\"BSPRO2 App login\" class=\"wp-image-1615\" srcset=\"https:\/\/www.dactilplus.com\/es\/wp-content\/uploads\/2024\/07\/unnamed-576x1024.webp 576w, https:\/\/www.dactilplus.com\/es\/wp-content\/uploads\/2024\/07\/unnamed-169x300.webp 169w, https:\/\/www.dactilplus.com\/es\/wp-content\/uploads\/2024\/07\/unnamed-768x1365.webp 768w, https:\/\/www.dactilplus.com\/es\/wp-content\/uploads\/2024\/07\/unnamed.webp 810w\" sizes=\"auto, (max-width: 576px) 100vw, 576px\" \/><\/a><\/figure>\n\n\n\n<figure class=\"wp-block-image size-large is-style-rounded is-style-rounded--1\"><a href=\"https:\/\/www.dactilplus.com\/es\/wp-content\/uploads\/2024\/07\/unnamed-1.webp\"><img loading=\"lazy\" decoding=\"async\" width=\"576\" height=\"1024\" data-id=\"1619\" src=\"https:\/\/www.dactilplus.com\/es\/wp-content\/uploads\/2024\/07\/unnamed-1-576x1024.webp\" alt=\"BSPRO2 App fichaje\" class=\"wp-image-1619\" srcset=\"https:\/\/www.dactilplus.com\/es\/wp-content\/uploads\/2024\/07\/unnamed-1-576x1024.webp 576w, https:\/\/www.dactilplus.com\/es\/wp-content\/uploads\/2024\/07\/unnamed-1-169x300.webp 169w, https:\/\/www.dactilplus.com\/es\/wp-content\/uploads\/2024\/07\/unnamed-1-768x1365.webp 768w, https:\/\/www.dactilplus.com\/es\/wp-content\/uploads\/2024\/07\/unnamed-1.webp 810w\" sizes=\"auto, (max-width: 576px) 100vw, 576px\" \/><\/a><\/figure>\n\n\n\n<figure class=\"wp-block-image size-large\"><a href=\"https:\/\/www.dactilplus.com\/es\/wp-content\/uploads\/2024\/07\/unnamed-3.webp\"><img loading=\"lazy\" decoding=\"async\" width=\"576\" height=\"1024\" data-id=\"1617\" src=\"https:\/\/www.dactilplus.com\/es\/wp-content\/uploads\/2024\/07\/unnamed-3-576x1024.webp\" alt=\"BSPRO2 App menu\" class=\"wp-image-1617\" srcset=\"https:\/\/www.dactilplus.com\/es\/wp-content\/uploads\/2024\/07\/unnamed-3-576x1024.webp 576w, https:\/\/www.dactilplus.com\/es\/wp-content\/uploads\/2024\/07\/unnamed-3-169x300.webp 169w, https:\/\/www.dactilplus.com\/es\/wp-content\/uploads\/2024\/07\/unnamed-3-768x1365.webp 768w, https:\/\/www.dactilplus.com\/es\/wp-content\/uploads\/2024\/07\/unnamed-3.webp 810w\" sizes=\"auto, (max-width: 576px) 100vw, 576px\" \/><\/a><\/figure>\n\n\n\n<figure class=\"wp-block-image size-large\"><a href=\"https:\/\/www.dactilplus.com\/es\/wp-content\/uploads\/2024\/07\/unnamed-4.webp\"><img loading=\"lazy\" decoding=\"async\" width=\"576\" height=\"1024\" data-id=\"1616\" src=\"https:\/\/www.dactilplus.com\/es\/wp-content\/uploads\/2024\/07\/unnamed-4-576x1024.webp\" alt=\"BSPRO2 App admin ver fichajes\" class=\"wp-image-1616\" srcset=\"https:\/\/www.dactilplus.com\/es\/wp-content\/uploads\/2024\/07\/unnamed-4-576x1024.webp 576w, https:\/\/www.dactilplus.com\/es\/wp-content\/uploads\/2024\/07\/unnamed-4-169x300.webp 169w, https:\/\/www.dactilplus.com\/es\/wp-content\/uploads\/2024\/07\/unnamed-4-768x1365.webp 768w, https:\/\/www.dactilplus.com\/es\/wp-content\/uploads\/2024\/07\/unnamed-4.webp 810w\" sizes=\"auto, (max-width: 576px) 100vw, 576px\" \/><\/a><\/figure>\n<\/figure>\n<\/div>\n<\/div>\n<\/div>\n\n\n\n<div class=\"wp-block-group alignwide is-layout-flow wp-block-group-is-layout-flow\">\n<div class=\"wp-block-columns is-layout-flex wp-container-core-columns-is-layout-28f84493 wp-block-columns-is-layout-flex\">\n<div class=\"wp-block-column is-layout-flow wp-block-column-is-layout-flow\">\n<figure class=\"wp-block-image aligncenter size-full\"><a href=\"https:\/\/play.google.com\/store\/apps\/details?id=bspro2app.app\" target=\"_blank\" rel=\"noreferrer noopener\"><img loading=\"lazy\" decoding=\"async\" width=\"199\" height=\"69\" src=\"https:\/\/www.dactilplus.com\/es\/wp-content\/uploads\/2024\/07\/googleplay_bovyo0qz.png\" alt=\"\" class=\"wp-image-1621\"\/><\/a><\/figure>\n\n\n\n<figure class=\"wp-block-image aligncenter size-full\"><a href=\"https:\/\/apps.apple.com\/es\/app\/bspro2-app\/id1530792947\" target=\"_blank\" rel=\"noreferrer noopener\"><img loading=\"lazy\" decoding=\"async\" width=\"200\" height=\"69\" src=\"https:\/\/www.dactilplus.com\/es\/wp-content\/uploads\/2024\/07\/appstore.png\" alt=\"\" class=\"wp-image-1620\"\/><\/a><\/figure>\n<\/div>\n\n\n\n<div class=\"wp-block-column is-layout-flow wp-block-column-is-layout-flow\"><\/div>\n<\/div>\n<\/div>\n","protected":false},"excerpt":{"rendered":"<p>SERAPHIM \/ BSPRO2 App es una aplicaci\u00f3n dise\u00f1ada para Android e iOS compatible con BioSecuritas PRO 2 Registro de jornada labora con geolocalizaci\u00f3nEl usuario podr\u00e1 registrar su inicio y fin de jornada laboral desde el m\u00f3vil, registrando la ubicaci\u00f3n GPS de ambos. Intercambio de im\u00e1genesTanto el usuario como el administrador del sistema podr\u00e1n intercambiar archivos [&hellip;]<\/p>\n","protected":false},"author":1,"featured_media":0,"parent":0,"menu_order":0,"comment_status":"closed","ping_status":"open","template":"","meta":{"footnotes":""},"class_list":["post-12","page","type-page","status-publish","hentry"],"yoast_head":"<!-- This site is optimized with the Yoast SEO plugin v27.4 - https:\/\/yoast.com\/product\/yoast-seo-wordpress\/ -->\r\n<title>SERAPHIM \/ BSPRO2 App - DactilPlus<\/title>\r\n<meta name=\"description\" content=\"BSPRO2 App para fichajes desde el m\u00f3vil compatible con BioSecuritas PRO 2. Para iOS y Android. Guarda ademas la ubicaci\u00f3n del fichaje.\" \/>\r\n<meta name=\"robots\" content=\"index, follow, max-snippet:-1, max-image-preview:large, max-video-preview:-1\" \/>\r\n<link rel=\"canonical\" href=\"https:\/\/www.dactilplus.com\/es\/bspro2-app\/\" \/>\r\n<meta property=\"og:locale\" content=\"es_ES\" \/>\r\n<meta property=\"og:type\" content=\"article\" \/>\r\n<meta property=\"og:title\" content=\"SERAPHIM \/ BSPRO2 App - DactilPlus\" \/>\r\n<meta property=\"og:description\" content=\"BSPRO2 App para fichajes desde el m\u00f3vil compatible con BioSecuritas PRO 2. Para iOS y Android. Guarda ademas la ubicaci\u00f3n del fichaje.\" \/>\r\n<meta property=\"og:url\" content=\"https:\/\/www.dactilplus.com\/es\/bspro2-app\/\" \/>\r\n<meta property=\"og:site_name\" content=\"DactilPlus\" \/>\r\n<meta property=\"article:publisher\" content=\"https:\/\/www.facebook.com\/dactilplus\" \/>\r\n<meta property=\"article:modified_time\" content=\"2025-12-18T11:41:41+00:00\" \/>\r\n<meta property=\"og:image\" content=\"https:\/\/www.dactilplus.com\/es\/wp-content\/uploads\/2024\/07\/unnamed.webp\" \/>\r\n\t<meta property=\"og:image:width\" content=\"810\" \/>\r\n\t<meta property=\"og:image:height\" content=\"1440\" \/>\r\n\t<meta property=\"og:image:type\" content=\"image\/webp\" \/>\r\n<meta name=\"twitter:card\" content=\"summary_large_image\" \/>\r\n<meta name=\"twitter:site\" content=\"@Dactilplus\" \/>\r\n<meta name=\"twitter:label1\" content=\"Tiempo de lectura\" \/>\n\t<meta name=\"twitter:data1\" content=\"3 minutos\" \/>\r\n<script type=\"application\/ld+json\" class=\"yoast-schema-graph\">{\"@context\":\"https:\\\/\\\/schema.org\",\"@graph\":[{\"@type\":\"WebPage\",\"@id\":\"https:\\\/\\\/www.dactilplus.com\\\/es\\\/bspro2-app\\\/\",\"url\":\"https:\\\/\\\/www.dactilplus.com\\\/es\\\/bspro2-app\\\/\",\"name\":\"SERAPHIM \\\/ BSPRO2 App - DactilPlus\",\"isPartOf\":{\"@id\":\"https:\\\/\\\/www.dactilplus.com\\\/es\\\/#website\"},\"primaryImageOfPage\":{\"@id\":\"https:\\\/\\\/www.dactilplus.com\\\/es\\\/bspro2-app\\\/#primaryimage\"},\"image\":{\"@id\":\"https:\\\/\\\/www.dactilplus.com\\\/es\\\/bspro2-app\\\/#primaryimage\"},\"thumbnailUrl\":\"https:\\\/\\\/www.dactilplus.com\\\/es\\\/wp-content\\\/uploads\\\/2024\\\/07\\\/unnamed-576x1024.webp\",\"datePublished\":\"2024-07-03T08:01:42+00:00\",\"dateModified\":\"2025-12-18T11:41:41+00:00\",\"description\":\"BSPRO2 App para fichajes desde el m\u00f3vil compatible con BioSecuritas PRO 2. Para iOS y Android. Guarda ademas la ubicaci\u00f3n del fichaje.\",\"breadcrumb\":{\"@id\":\"https:\\\/\\\/www.dactilplus.com\\\/es\\\/bspro2-app\\\/#breadcrumb\"},\"inLanguage\":\"es\",\"potentialAction\":[{\"@type\":\"ReadAction\",\"target\":[\"https:\\\/\\\/www.dactilplus.com\\\/es\\\/bspro2-app\\\/\"]}]},{\"@type\":\"ImageObject\",\"inLanguage\":\"es\",\"@id\":\"https:\\\/\\\/www.dactilplus.com\\\/es\\\/bspro2-app\\\/#primaryimage\",\"url\":\"https:\\\/\\\/www.dactilplus.com\\\/es\\\/wp-content\\\/uploads\\\/2024\\\/07\\\/unnamed.webp\",\"contentUrl\":\"https:\\\/\\\/www.dactilplus.com\\\/es\\\/wp-content\\\/uploads\\\/2024\\\/07\\\/unnamed.webp\",\"width\":810,\"height\":1440},{\"@type\":\"BreadcrumbList\",\"@id\":\"https:\\\/\\\/www.dactilplus.com\\\/es\\\/bspro2-app\\\/#breadcrumb\",\"itemListElement\":[{\"@type\":\"ListItem\",\"position\":1,\"name\":\"Portada\",\"item\":\"https:\\\/\\\/www.dactilplus.com\\\/es\\\/\"},{\"@type\":\"ListItem\",\"position\":2,\"name\":\"SERAPHIM \\\/ BSPRO2 App\"}]},{\"@type\":\"WebSite\",\"@id\":\"https:\\\/\\\/www.dactilplus.com\\\/es\\\/#website\",\"url\":\"https:\\\/\\\/www.dactilplus.com\\\/es\\\/\",\"name\":\"DactilPlus\",\"description\":\"Software, controles de acceso, tornos , centrales de pago, cajones de autocobro y proyectos a medida\",\"publisher\":{\"@id\":\"https:\\\/\\\/www.dactilplus.com\\\/es\\\/#organization\"},\"potentialAction\":[{\"@type\":\"SearchAction\",\"target\":{\"@type\":\"EntryPoint\",\"urlTemplate\":\"https:\\\/\\\/www.dactilplus.com\\\/es\\\/?s={search_term_string}\"},\"query-input\":{\"@type\":\"PropertyValueSpecification\",\"valueRequired\":true,\"valueName\":\"search_term_string\"}}],\"inLanguage\":\"es\"},{\"@type\":\"Organization\",\"@id\":\"https:\\\/\\\/www.dactilplus.com\\\/es\\\/#organization\",\"name\":\"Dactilplus Servicios Integrale S.L.\",\"url\":\"https:\\\/\\\/www.dactilplus.com\\\/es\\\/\",\"logo\":{\"@type\":\"ImageObject\",\"inLanguage\":\"es\",\"@id\":\"https:\\\/\\\/www.dactilplus.com\\\/es\\\/#\\\/schema\\\/logo\\\/image\\\/\",\"url\":\"https:\\\/\\\/www.dactilplus.com\\\/es\\\/wp-content\\\/uploads\\\/2024\\\/04\\\/logo_dactil_trans_nueva.png\",\"contentUrl\":\"https:\\\/\\\/www.dactilplus.com\\\/es\\\/wp-content\\\/uploads\\\/2024\\\/04\\\/logo_dactil_trans_nueva.png\",\"width\":555,\"height\":271,\"caption\":\"Dactilplus Servicios Integrale S.L.\"},\"image\":{\"@id\":\"https:\\\/\\\/www.dactilplus.com\\\/es\\\/#\\\/schema\\\/logo\\\/image\\\/\"},\"sameAs\":[\"https:\\\/\\\/www.facebook.com\\\/dactilplus\",\"https:\\\/\\\/x.com\\\/Dactilplus\",\"https:\\\/\\\/www.instagram.com\\\/dactilplus\\\/\"]}]}<\/script>\r\n<!-- \/ Yoast SEO plugin. -->","yoast_head_json":{"title":"SERAPHIM \/ BSPRO2 App - DactilPlus","description":"BSPRO2 App para fichajes desde el m\u00f3vil compatible con BioSecuritas PRO 2. Para iOS y Android. Guarda ademas la ubicaci\u00f3n del fichaje.","robots":{"index":"index","follow":"follow","max-snippet":"max-snippet:-1","max-image-preview":"max-image-preview:large","max-video-preview":"max-video-preview:-1"},"canonical":"https:\/\/www.dactilplus.com\/es\/bspro2-app\/","og_locale":"es_ES","og_type":"article","og_title":"SERAPHIM \/ BSPRO2 App - DactilPlus","og_description":"BSPRO2 App para fichajes desde el m\u00f3vil compatible con BioSecuritas PRO 2. Para iOS y Android. Guarda ademas la ubicaci\u00f3n del fichaje.","og_url":"https:\/\/www.dactilplus.com\/es\/bspro2-app\/","og_site_name":"DactilPlus","article_publisher":"https:\/\/www.facebook.com\/dactilplus","article_modified_time":"2025-12-18T11:41:41+00:00","og_image":[{"width":810,"height":1440,"url":"https:\/\/www.dactilplus.com\/es\/wp-content\/uploads\/2024\/07\/unnamed.webp","type":"image\/webp"}],"twitter_card":"summary_large_image","twitter_site":"@Dactilplus","twitter_misc":{"Tiempo de lectura":"3 minutos"},"schema":{"@context":"https:\/\/schema.org","@graph":[{"@type":"WebPage","@id":"https:\/\/www.dactilplus.com\/es\/bspro2-app\/","url":"https:\/\/www.dactilplus.com\/es\/bspro2-app\/","name":"SERAPHIM \/ BSPRO2 App - DactilPlus","isPartOf":{"@id":"https:\/\/www.dactilplus.com\/es\/#website"},"primaryImageOfPage":{"@id":"https:\/\/www.dactilplus.com\/es\/bspro2-app\/#primaryimage"},"image":{"@id":"https:\/\/www.dactilplus.com\/es\/bspro2-app\/#primaryimage"},"thumbnailUrl":"https:\/\/www.dactilplus.com\/es\/wp-content\/uploads\/2024\/07\/unnamed-576x1024.webp","datePublished":"2024-07-03T08:01:42+00:00","dateModified":"2025-12-18T11:41:41+00:00","description":"BSPRO2 App para fichajes desde el m\u00f3vil compatible con BioSecuritas PRO 2. Para iOS y Android. Guarda ademas la ubicaci\u00f3n del fichaje.","breadcrumb":{"@id":"https:\/\/www.dactilplus.com\/es\/bspro2-app\/#breadcrumb"},"inLanguage":"es","potentialAction":[{"@type":"ReadAction","target":["https:\/\/www.dactilplus.com\/es\/bspro2-app\/"]}]},{"@type":"ImageObject","inLanguage":"es","@id":"https:\/\/www.dactilplus.com\/es\/bspro2-app\/#primaryimage","url":"https:\/\/www.dactilplus.com\/es\/wp-content\/uploads\/2024\/07\/unnamed.webp","contentUrl":"https:\/\/www.dactilplus.com\/es\/wp-content\/uploads\/2024\/07\/unnamed.webp","width":810,"height":1440},{"@type":"BreadcrumbList","@id":"https:\/\/www.dactilplus.com\/es\/bspro2-app\/#breadcrumb","itemListElement":[{"@type":"ListItem","position":1,"name":"Portada","item":"https:\/\/www.dactilplus.com\/es\/"},{"@type":"ListItem","position":2,"name":"SERAPHIM \/ BSPRO2 App"}]},{"@type":"WebSite","@id":"https:\/\/www.dactilplus.com\/es\/#website","url":"https:\/\/www.dactilplus.com\/es\/","name":"DactilPlus","description":"Software, controles de acceso, tornos , centrales de pago, cajones de autocobro y proyectos a medida","publisher":{"@id":"https:\/\/www.dactilplus.com\/es\/#organization"},"potentialAction":[{"@type":"SearchAction","target":{"@type":"EntryPoint","urlTemplate":"https:\/\/www.dactilplus.com\/es\/?s={search_term_string}"},"query-input":{"@type":"PropertyValueSpecification","valueRequired":true,"valueName":"search_term_string"}}],"inLanguage":"es"},{"@type":"Organization","@id":"https:\/\/www.dactilplus.com\/es\/#organization","name":"Dactilplus Servicios Integrale S.L.","url":"https:\/\/www.dactilplus.com\/es\/","logo":{"@type":"ImageObject","inLanguage":"es","@id":"https:\/\/www.dactilplus.com\/es\/#\/schema\/logo\/image\/","url":"https:\/\/www.dactilplus.com\/es\/wp-content\/uploads\/2024\/04\/logo_dactil_trans_nueva.png","contentUrl":"https:\/\/www.dactilplus.com\/es\/wp-content\/uploads\/2024\/04\/logo_dactil_trans_nueva.png","width":555,"height":271,"caption":"Dactilplus Servicios Integrale S.L."},"image":{"@id":"https:\/\/www.dactilplus.com\/es\/#\/schema\/logo\/image\/"},"sameAs":["https:\/\/www.facebook.com\/dactilplus","https:\/\/x.com\/Dactilplus","https:\/\/www.instagram.com\/dactilplus\/"]}]}},"_links":{"self":[{"href":"https:\/\/www.dactilplus.com\/es\/wp-json\/wp\/v2\/pages\/12","targetHints":{"allow":["GET"]}}],"collection":[{"href":"https:\/\/www.dactilplus.com\/es\/wp-json\/wp\/v2\/pages"}],"about":[{"href":"https:\/\/www.dactilplus.com\/es\/wp-json\/wp\/v2\/types\/page"}],"author":[{"embeddable":true,"href":"https:\/\/www.dactilplus.com\/es\/wp-json\/wp\/v2\/users\/1"}],"replies":[{"embeddable":true,"href":"https:\/\/www.dactilplus.com\/es\/wp-json\/wp\/v2\/comments?post=12"}],"version-history":[{"count":4,"href":"https:\/\/www.dactilplus.com\/es\/wp-json\/wp\/v2\/pages\/12\/revisions"}],"predecessor-version":[{"id":2276,"href":"https:\/\/www.dactilplus.com\/es\/wp-json\/wp\/v2\/pages\/12\/revisions\/2276"}],"wp:attachment":[{"href":"https:\/\/www.dactilplus.com\/es\/wp-json\/wp\/v2\/media?parent=12"}],"curies":[{"name":"wp","href":"https:\/\/api.w.org\/{rel}","templated":true}]}}