{"id":15,"date":"2024-05-20T15:31:40","date_gmt":"2024-05-20T14:31:40","guid":{"rendered":"https:\/\/www.dactilplus.com\/es\/?page_id=15"},"modified":"2024-07-15T09:01:01","modified_gmt":"2024-07-15T08:01:01","slug":"desarrollo-de-software-apps-y-webs-a-medida","status":"publish","type":"page","link":"https:\/\/www.dactilplus.com\/es\/desarrollo-de-software-apps-y-webs-a-medida\/","title":{"rendered":"Desarrollo de Software, Apps y Webs a medida"},"content":{"rendered":"\n<p>\u00bf Necesitas Desarrollo de Software, Apps y Webs a medida ?<\/p>\n\n\n\n<p>Somos desarrolladores y nos gusta hacer bien nuestro trabajo.<\/p>\n\n\n\n<p>Podemos crearte aplicaciones para Windows, Android o iOS para cubrir cualquier tipo de necesidad de tu empresa.<\/p>\n\n\n\n<p>As\u00ed mismo podemos crearte paginas web, desde lo mas sencillo a lo mas avanzado.<\/p>\n\n\n\n<p>Tambi\u00e9n podemos adaptar cualquiera de nuestras aplicaciones a lo que necesitas.<\/p>\n\n\n\n<p>Si quieres m\u00e1s informaci\u00f3n contacta con nosotros y expl\u00edcanos tus necesidades, estaremos encantados de darte una soluci\u00f3n.<\/p>\n\n\n\n<p>\u00bfQuieres usar el Kit Digital ? <a href=\"https:\/\/www.dactilplus.com\/es\/kit-digital-agente-digitalizador\/\">Aqui tienes mas informaci\u00f3n<\/a>.<\/p>\n\n\n\n\n\n<figure class=\"wp-block-image size-full\"><img loading=\"lazy\" decoding=\"async\" width=\"50\" height=\"50\" src=\"https:\/\/www.dactilplus.com\/es\/wp-content\/uploads\/2024\/05\/desarrollador-de-software-e1715692925713.png\" alt=\"Desarrollo de Software, Apps y Webs a medida\" class=\"wp-image-194\"\/><\/figure>\n","protected":false},"excerpt":{"rendered":"<p>\u00bf Necesitas Desarrollo de Software, Apps y Webs a medida ? Somos desarrolladores y nos gusta hacer bien nuestro trabajo. Podemos crearte aplicaciones para Windows, Android o iOS para cubrir cualquier tipo de necesidad de tu empresa. As\u00ed mismo podemos crearte paginas web, desde lo mas sencillo a lo mas avanzado. Tambi\u00e9n podemos adaptar cualquiera [&hellip;]<\/p>\n","protected":false},"author":1,"featured_media":0,"parent":0,"menu_order":0,"comment_status":"closed","ping_status":"open","template":"","meta":{"footnotes":""},"class_list":["post-15","page","type-page","status-publish","hentry"],"yoast_head":"<!-- This site is optimized with the Yoast SEO plugin v27.4 - https:\/\/yoast.com\/product\/yoast-seo-wordpress\/ -->\r\n<title>Desarrollo de Software, Apps y Webs a medida - DactilPlus<\/title>\r\n<meta name=\"description\" content=\"Desarrollo de Software, Apps y Webs a medida ajust\u00e1ndonos a las necesidades del cliente. Para windows, Android, iOS, desarrollo PHP, Java.\" \/>\r\n<meta name=\"robots\" content=\"index, follow, max-snippet:-1, max-image-preview:large, max-video-preview:-1\" \/>\r\n<link rel=\"canonical\" href=\"https:\/\/www.dactilplus.com\/es\/desarrollo-de-software-apps-y-webs-a-medida\/\" \/>\r\n<meta property=\"og:locale\" content=\"es_ES\" \/>\r\n<meta property=\"og:type\" content=\"article\" \/>\r\n<meta property=\"og:title\" content=\"Desarrollo de Software, Apps y Webs a medida - DactilPlus\" \/>\r\n<meta property=\"og:description\" content=\"Desarrollo de Software, Apps y Webs a medida ajust\u00e1ndonos a las necesidades del cliente. Para windows, Android, iOS, desarrollo PHP, Java.\" \/>\r\n<meta property=\"og:url\" content=\"https:\/\/www.dactilplus.com\/es\/desarrollo-de-software-apps-y-webs-a-medida\/\" \/>\r\n<meta property=\"og:site_name\" content=\"DactilPlus\" \/>\r\n<meta property=\"article:publisher\" content=\"https:\/\/www.facebook.com\/dactilplus\" \/>\r\n<meta property=\"article:modified_time\" content=\"2024-07-15T08:01:01+00:00\" \/>\r\n<meta property=\"og:image\" content=\"https:\/\/www.dactilplus.com\/es\/wp-content\/uploads\/2024\/05\/desarrollador-de-software-e1715692925713.png\" \/>\r\n<meta name=\"twitter:card\" content=\"summary_large_image\" \/>\r\n<meta name=\"twitter:site\" content=\"@Dactilplus\" \/>\r\n<meta name=\"twitter:label1\" content=\"Tiempo de lectura\" \/>\n\t<meta name=\"twitter:data1\" content=\"1 minuto\" \/>\r\n<script type=\"application\/ld+json\" class=\"yoast-schema-graph\">{\"@context\":\"https:\\\/\\\/schema.org\",\"@graph\":[{\"@type\":\"WebPage\",\"@id\":\"https:\\\/\\\/www.dactilplus.com\\\/es\\\/desarrollo-de-software-apps-y-webs-a-medida\\\/\",\"url\":\"https:\\\/\\\/www.dactilplus.com\\\/es\\\/desarrollo-de-software-apps-y-webs-a-medida\\\/\",\"name\":\"Desarrollo de Software, Apps y Webs a medida - DactilPlus\",\"isPartOf\":{\"@id\":\"https:\\\/\\\/www.dactilplus.com\\\/es\\\/#website\"},\"primaryImageOfPage\":{\"@id\":\"https:\\\/\\\/www.dactilplus.com\\\/es\\\/desarrollo-de-software-apps-y-webs-a-medida\\\/#primaryimage\"},\"image\":{\"@id\":\"https:\\\/\\\/www.dactilplus.com\\\/es\\\/desarrollo-de-software-apps-y-webs-a-medida\\\/#primaryimage\"},\"thumbnailUrl\":\"https:\\\/\\\/www.dactilplus.com\\\/es\\\/wp-content\\\/uploads\\\/2024\\\/05\\\/desarrollador-de-software-e1715692925713.png\",\"datePublished\":\"2024-05-20T14:31:40+00:00\",\"dateModified\":\"2024-07-15T08:01:01+00:00\",\"description\":\"Desarrollo de Software, Apps y Webs a medida ajust\u00e1ndonos a las necesidades del cliente. Para windows, Android, iOS, desarrollo PHP, Java.\",\"breadcrumb\":{\"@id\":\"https:\\\/\\\/www.dactilplus.com\\\/es\\\/desarrollo-de-software-apps-y-webs-a-medida\\\/#breadcrumb\"},\"inLanguage\":\"es\",\"potentialAction\":[{\"@type\":\"ReadAction\",\"target\":[\"https:\\\/\\\/www.dactilplus.com\\\/es\\\/desarrollo-de-software-apps-y-webs-a-medida\\\/\"]}]},{\"@type\":\"ImageObject\",\"inLanguage\":\"es\",\"@id\":\"https:\\\/\\\/www.dactilplus.com\\\/es\\\/desarrollo-de-software-apps-y-webs-a-medida\\\/#primaryimage\",\"url\":\"https:\\\/\\\/www.dactilplus.com\\\/es\\\/wp-content\\\/uploads\\\/2024\\\/05\\\/desarrollador-de-software-e1715692925713.png\",\"contentUrl\":\"https:\\\/\\\/www.dactilplus.com\\\/es\\\/wp-content\\\/uploads\\\/2024\\\/05\\\/desarrollador-de-software-e1715692925713.png\",\"width\":50,\"height\":50},{\"@type\":\"BreadcrumbList\",\"@id\":\"https:\\\/\\\/www.dactilplus.com\\\/es\\\/desarrollo-de-software-apps-y-webs-a-medida\\\/#breadcrumb\",\"itemListElement\":[{\"@type\":\"ListItem\",\"position\":1,\"name\":\"Portada\",\"item\":\"https:\\\/\\\/www.dactilplus.com\\\/es\\\/\"},{\"@type\":\"ListItem\",\"position\":2,\"name\":\"Desarrollo de Software, Apps y Webs a medida\"}]},{\"@type\":\"WebSite\",\"@id\":\"https:\\\/\\\/www.dactilplus.com\\\/es\\\/#website\",\"url\":\"https:\\\/\\\/www.dactilplus.com\\\/es\\\/\",\"name\":\"DactilPlus\",\"description\":\"Software, controles de acceso, tornos , centrales de pago, cajones de autocobro y proyectos a medida\",\"publisher\":{\"@id\":\"https:\\\/\\\/www.dactilplus.com\\\/es\\\/#organization\"},\"potentialAction\":[{\"@type\":\"SearchAction\",\"target\":{\"@type\":\"EntryPoint\",\"urlTemplate\":\"https:\\\/\\\/www.dactilplus.com\\\/es\\\/?s={search_term_string}\"},\"query-input\":{\"@type\":\"PropertyValueSpecification\",\"valueRequired\":true,\"valueName\":\"search_term_string\"}}],\"inLanguage\":\"es\"},{\"@type\":\"Organization\",\"@id\":\"https:\\\/\\\/www.dactilplus.com\\\/es\\\/#organization\",\"name\":\"Dactilplus Servicios Integrale S.L.\",\"url\":\"https:\\\/\\\/www.dactilplus.com\\\/es\\\/\",\"logo\":{\"@type\":\"ImageObject\",\"inLanguage\":\"es\",\"@id\":\"https:\\\/\\\/www.dactilplus.com\\\/es\\\/#\\\/schema\\\/logo\\\/image\\\/\",\"url\":\"https:\\\/\\\/www.dactilplus.com\\\/es\\\/wp-content\\\/uploads\\\/2024\\\/04\\\/logo_dactil_trans_nueva.png\",\"contentUrl\":\"https:\\\/\\\/www.dactilplus.com\\\/es\\\/wp-content\\\/uploads\\\/2024\\\/04\\\/logo_dactil_trans_nueva.png\",\"width\":555,\"height\":271,\"caption\":\"Dactilplus Servicios Integrale S.L.\"},\"image\":{\"@id\":\"https:\\\/\\\/www.dactilplus.com\\\/es\\\/#\\\/schema\\\/logo\\\/image\\\/\"},\"sameAs\":[\"https:\\\/\\\/www.facebook.com\\\/dactilplus\",\"https:\\\/\\\/x.com\\\/Dactilplus\",\"https:\\\/\\\/www.instagram.com\\\/dactilplus\\\/\"]}]}<\/script>\r\n<!-- \/ Yoast SEO plugin. -->","yoast_head_json":{"title":"Desarrollo de Software, Apps y Webs a medida - DactilPlus","description":"Desarrollo de Software, Apps y Webs a medida ajust\u00e1ndonos a las necesidades del cliente. Para windows, Android, iOS, desarrollo PHP, Java.","robots":{"index":"index","follow":"follow","max-snippet":"max-snippet:-1","max-image-preview":"max-image-preview:large","max-video-preview":"max-video-preview:-1"},"canonical":"https:\/\/www.dactilplus.com\/es\/desarrollo-de-software-apps-y-webs-a-medida\/","og_locale":"es_ES","og_type":"article","og_title":"Desarrollo de Software, Apps y Webs a medida - DactilPlus","og_description":"Desarrollo de Software, Apps y Webs a medida ajust\u00e1ndonos a las necesidades del cliente. Para windows, Android, iOS, desarrollo PHP, Java.","og_url":"https:\/\/www.dactilplus.com\/es\/desarrollo-de-software-apps-y-webs-a-medida\/","og_site_name":"DactilPlus","article_publisher":"https:\/\/www.facebook.com\/dactilplus","article_modified_time":"2024-07-15T08:01:01+00:00","og_image":[{"url":"https:\/\/www.dactilplus.com\/es\/wp-content\/uploads\/2024\/05\/desarrollador-de-software-e1715692925713.png","type":"","width":"","height":""}],"twitter_card":"summary_large_image","twitter_site":"@Dactilplus","twitter_misc":{"Tiempo de lectura":"1 minuto"},"schema":{"@context":"https:\/\/schema.org","@graph":[{"@type":"WebPage","@id":"https:\/\/www.dactilplus.com\/es\/desarrollo-de-software-apps-y-webs-a-medida\/","url":"https:\/\/www.dactilplus.com\/es\/desarrollo-de-software-apps-y-webs-a-medida\/","name":"Desarrollo de Software, Apps y Webs a medida - DactilPlus","isPartOf":{"@id":"https:\/\/www.dactilplus.com\/es\/#website"},"primaryImageOfPage":{"@id":"https:\/\/www.dactilplus.com\/es\/desarrollo-de-software-apps-y-webs-a-medida\/#primaryimage"},"image":{"@id":"https:\/\/www.dactilplus.com\/es\/desarrollo-de-software-apps-y-webs-a-medida\/#primaryimage"},"thumbnailUrl":"https:\/\/www.dactilplus.com\/es\/wp-content\/uploads\/2024\/05\/desarrollador-de-software-e1715692925713.png","datePublished":"2024-05-20T14:31:40+00:00","dateModified":"2024-07-15T08:01:01+00:00","description":"Desarrollo de Software, Apps y Webs a medida ajust\u00e1ndonos a las necesidades del cliente. Para windows, Android, iOS, desarrollo PHP, Java.","breadcrumb":{"@id":"https:\/\/www.dactilplus.com\/es\/desarrollo-de-software-apps-y-webs-a-medida\/#breadcrumb"},"inLanguage":"es","potentialAction":[{"@type":"ReadAction","target":["https:\/\/www.dactilplus.com\/es\/desarrollo-de-software-apps-y-webs-a-medida\/"]}]},{"@type":"ImageObject","inLanguage":"es","@id":"https:\/\/www.dactilplus.com\/es\/desarrollo-de-software-apps-y-webs-a-medida\/#primaryimage","url":"https:\/\/www.dactilplus.com\/es\/wp-content\/uploads\/2024\/05\/desarrollador-de-software-e1715692925713.png","contentUrl":"https:\/\/www.dactilplus.com\/es\/wp-content\/uploads\/2024\/05\/desarrollador-de-software-e1715692925713.png","width":50,"height":50},{"@type":"BreadcrumbList","@id":"https:\/\/www.dactilplus.com\/es\/desarrollo-de-software-apps-y-webs-a-medida\/#breadcrumb","itemListElement":[{"@type":"ListItem","position":1,"name":"Portada","item":"https:\/\/www.dactilplus.com\/es\/"},{"@type":"ListItem","position":2,"name":"Desarrollo de Software, Apps y Webs a medida"}]},{"@type":"WebSite","@id":"https:\/\/www.dactilplus.com\/es\/#website","url":"https:\/\/www.dactilplus.com\/es\/","name":"DactilPlus","description":"Software, controles de acceso, tornos , centrales de pago, cajones de autocobro y proyectos a medida","publisher":{"@id":"https:\/\/www.dactilplus.com\/es\/#organization"},"potentialAction":[{"@type":"SearchAction","target":{"@type":"EntryPoint","urlTemplate":"https:\/\/www.dactilplus.com\/es\/?s={search_term_string}"},"query-input":{"@type":"PropertyValueSpecification","valueRequired":true,"valueName":"search_term_string"}}],"inLanguage":"es"},{"@type":"Organization","@id":"https:\/\/www.dactilplus.com\/es\/#organization","name":"Dactilplus Servicios Integrale S.L.","url":"https:\/\/www.dactilplus.com\/es\/","logo":{"@type":"ImageObject","inLanguage":"es","@id":"https:\/\/www.dactilplus.com\/es\/#\/schema\/logo\/image\/","url":"https:\/\/www.dactilplus.com\/es\/wp-content\/uploads\/2024\/04\/logo_dactil_trans_nueva.png","contentUrl":"https:\/\/www.dactilplus.com\/es\/wp-content\/uploads\/2024\/04\/logo_dactil_trans_nueva.png","width":555,"height":271,"caption":"Dactilplus Servicios Integrale S.L."},"image":{"@id":"https:\/\/www.dactilplus.com\/es\/#\/schema\/logo\/image\/"},"sameAs":["https:\/\/www.facebook.com\/dactilplus","https:\/\/x.com\/Dactilplus","https:\/\/www.instagram.com\/dactilplus\/"]}]}},"_links":{"self":[{"href":"https:\/\/www.dactilplus.com\/es\/wp-json\/wp\/v2\/pages\/15","targetHints":{"allow":["GET"]}}],"collection":[{"href":"https:\/\/www.dactilplus.com\/es\/wp-json\/wp\/v2\/pages"}],"about":[{"href":"https:\/\/www.dactilplus.com\/es\/wp-json\/wp\/v2\/types\/page"}],"author":[{"embeddable":true,"href":"https:\/\/www.dactilplus.com\/es\/wp-json\/wp\/v2\/users\/1"}],"replies":[{"embeddable":true,"href":"https:\/\/www.dactilplus.com\/es\/wp-json\/wp\/v2\/comments?post=15"}],"version-history":[{"count":5,"href":"https:\/\/www.dactilplus.com\/es\/wp-json\/wp\/v2\/pages\/15\/revisions"}],"predecessor-version":[{"id":1721,"href":"https:\/\/www.dactilplus.com\/es\/wp-json\/wp\/v2\/pages\/15\/revisions\/1721"}],"wp:attachment":[{"href":"https:\/\/www.dactilplus.com\/es\/wp-json\/wp\/v2\/media?parent=15"}],"curies":[{"name":"wp","href":"https:\/\/api.w.org\/{rel}","templated":true}]}}