{"id":212,"date":"2024-05-15T08:06:44","date_gmt":"2024-05-15T07:06:44","guid":{"rendered":"https:\/\/www.dactilplus.com\/es\/?page_id=212"},"modified":"2024-06-05T08:09:52","modified_gmt":"2024-06-05T07:09:52","slug":"software","status":"publish","type":"page","link":"https:\/\/www.dactilplus.com\/es\/software\/","title":{"rendered":"Software"},"content":{"rendered":"\n<p class=\"has-accent-3-color has-text-color has-link-color has-large-font-size wp-elements-1aef0f80d8301c3b2020ced75c935310\">Software de control de accesos y fichajes de personal<\/p>\n\n\n\n<div class=\"wp-block-group alignwide has-background has-global-padding is-layout-constrained wp-container-core-group-is-layout-a13ef85b wp-block-group-is-layout-constrained\" style=\"background:linear-gradient(0deg,#D8613C 0%,#F9F9F9 100%);margin-top:0;margin-bottom:0;padding-top:var(--wp--preset--spacing--10);padding-right:var(--wp--preset--spacing--10);padding-bottom:var(--wp--preset--spacing--10);padding-left:var(--wp--preset--spacing--10)\">\n<ul class=\"wp-block-list\">\n<li style=\"font-style:normal;font-weight:600\">Biosecuritas PRO 2<\/li>\n<\/ul>\n\n\n\n<p style=\"margin-top:var(--wp--preset--spacing--10);margin-bottom:var(--wp--preset--spacing--10);font-style:normal;font-weight:400\">BioSecuritas PRO 2 [BS PRO 2] , el sistema de control de acceso, presencia, gesti\u00f3n de centros deportivos y gesti\u00f3n de usuarios y zonas utilizando RFID Activa, como t\u00faneles, entradas a obras u hospitales.&nbsp;<\/p>\n\n\n\n<p style=\"margin-top:var(--wp--preset--spacing--10);margin-bottom:var(--wp--preset--spacing--10);font-style:normal;font-weight:400\">Adaptado para generar archivo para enviar a la sede electr\u00f3nica para registrar asistencias a&nbsp;cursos CAP<\/p>\n\n\n\n<p style=\"margin-top:var(--wp--preset--spacing--10);margin-bottom:var(--wp--preset--spacing--10);font-style:normal;font-weight:400\">Adaptado para trabajar con maquinas autom\u00e1ticas expendedoras de bolas para&nbsp;campos de golf.<\/p>\n\n\n\n<p style=\"margin-top:var(--wp--preset--spacing--10);margin-bottom:var(--wp--preset--spacing--10);font-style:normal;font-weight:400\">Gesti\u00f3n de accesos autom\u00e1ticos con c\u00e1maras de&nbsp;matriculas en parkings.<\/p>\n\n\n\n<p style=\"margin-top:var(--wp--preset--spacing--10);margin-bottom:var(--wp--preset--spacing--10);font-style:normal;font-weight:400\">Con zona de&nbsp;venta TPV.<\/p>\n\n\n\n<p style=\"margin-top:var(--wp--preset--spacing--20);margin-bottom:var(--wp--preset--spacing--20);font-style:normal;font-weight:400\">Controla hasta 20 puertas \/ tornos \u00f3 terminales<\/p>\n\n\n\n<figure class=\"wp-block-image size-large has-custom-border is-style-rounded is-style-rounded--1\"><img loading=\"lazy\" decoding=\"async\" width=\"1024\" height=\"620\" src=\"https:\/\/www.dactilplus.com\/es\/wp-content\/uploads\/2024\/05\/2024-05-13_11-10-39-1024x620.png\" alt=\"\" class=\"wp-image-137\" style=\"border-width:2px;border-radius:5px;box-shadow:var(--wp--preset--shadow--natural)\" srcset=\"https:\/\/www.dactilplus.com\/es\/wp-content\/uploads\/2024\/05\/2024-05-13_11-10-39-1024x620.png 1024w, https:\/\/www.dactilplus.com\/es\/wp-content\/uploads\/2024\/05\/2024-05-13_11-10-39-300x182.png 300w, https:\/\/www.dactilplus.com\/es\/wp-content\/uploads\/2024\/05\/2024-05-13_11-10-39-768x465.png 768w, https:\/\/www.dactilplus.com\/es\/wp-content\/uploads\/2024\/05\/2024-05-13_11-10-39.png 1262w\" sizes=\"auto, (max-width: 1024px) 100vw, 1024px\" \/><\/figure>\n\n\n\n<p><\/p>\n\n\n\n<div class=\"wp-block-buttons is-layout-flex wp-block-buttons-is-layout-flex\">\n<div class=\"wp-block-button\"><a class=\"wp-block-button__link wp-element-button\" href=\"https:\/\/www.dactilplus.com\/es\/biosecuritas-pro-2\/\" style=\"padding-top:var(--wp--preset--spacing--10);padding-bottom:var(--wp--preset--spacing--10)\">M\u00e1s informaci\u00f3n<\/a><\/div>\n<\/div>\n<\/div>\n\n\n\n<div style=\"height:100px\" aria-hidden=\"true\" class=\"wp-block-spacer\"><\/div>\n\n\n\n<div class=\"wp-block-group alignwide has-background has-global-padding is-layout-constrained wp-container-core-group-is-layout-a13ef85b wp-block-group-is-layout-constrained\" style=\"background:linear-gradient(0deg,#D8613C 0%,#F9F9F9 100%);margin-top:0;margin-bottom:0;padding-top:var(--wp--preset--spacing--10);padding-right:var(--wp--preset--spacing--10);padding-bottom:var(--wp--preset--spacing--10);padding-left:var(--wp--preset--spacing--10)\">\n<ul class=\"wp-block-list\">\n<li style=\"font-style:normal;font-weight:600\">KRD-Ges<\/li>\n<\/ul>\n\n\n\n<p><\/p>\n\n\n\n<p><\/p>\n\n\n\n<p><strong>KRD-Ges<\/strong>&nbsp;\u2013&nbsp;<strong>Sistema de Control Acceso Offline mediante el lector aut\u00f3nomo KRD13Mv2<\/strong><\/p>\n\n\n\n<p>KRD-Ges es un software capaz de gestionar los lectores y tarjetas para controlar el acceso usando lectores de proximidad aut\u00f3nomos KRD13Mv2 de Kimaldi.<br><br>Un sistema econ\u00f3mico, r\u00e1pido y eficaz de controlar el acceso a ascensores, garajes, portales, locales comerciales, etc\u2026<\/p>\n\n\n\n<p><br>Totalmente aut\u00f3nomo y dispone la funci\u00f3n descuento de saldo para utilizarlo como controlador de maquinaria, lavadoras, duchas o accesos previo pago.<\/p>\n\n\n\n<p><\/p>\n\n\n\n<figure class=\"wp-block-image size-full is-resized has-custom-border is-style-rounded is-style-rounded--2\"><img loading=\"lazy\" decoding=\"async\" width=\"1014\" height=\"667\" src=\"https:\/\/www.dactilplus.com\/es\/wp-content\/uploads\/2024\/05\/2024-05-15_09-56-34.png\" alt=\"\" class=\"wp-image-220\" style=\"border-width:2px;border-radius:5px;box-shadow:var(--wp--preset--shadow--natural);width:622px;height:auto\" srcset=\"https:\/\/www.dactilplus.com\/es\/wp-content\/uploads\/2024\/05\/2024-05-15_09-56-34.png 1014w, https:\/\/www.dactilplus.com\/es\/wp-content\/uploads\/2024\/05\/2024-05-15_09-56-34-300x197.png 300w, https:\/\/www.dactilplus.com\/es\/wp-content\/uploads\/2024\/05\/2024-05-15_09-56-34-768x505.png 768w\" sizes=\"auto, (max-width: 1014px) 100vw, 1014px\" \/><\/figure>\n\n\n\n<p><\/p>\n\n\n\n<div class=\"wp-block-buttons is-layout-flex wp-block-buttons-is-layout-flex\">\n<div class=\"wp-block-button\"><a class=\"wp-block-button__link wp-element-button\" href=\"https:\/\/www.dactilplus.com\/es\/krd-ges\/\" style=\"padding-top:var(--wp--preset--spacing--10);padding-bottom:var(--wp--preset--spacing--10)\">M\u00e1s informaci\u00f3n<\/a><\/div>\n<\/div>\n<\/div>\n\n\n\n<div style=\"height:100px\" aria-hidden=\"true\" class=\"wp-block-spacer\"><\/div>\n\n\n\n<p class=\"has-accent-3-color has-text-color has-link-color has-large-font-size wp-elements-176d3be61e5c9af4fc0fe781bc3c0847\">Software de venta, fidelizaci\u00f3n y puntos<\/p>\n\n\n\n<div class=\"wp-block-group alignwide has-background has-global-padding is-layout-constrained wp-container-core-group-is-layout-a13ef85b wp-block-group-is-layout-constrained\" style=\"background:linear-gradient(0deg,#D8613C 0%,#F9F9F9 100%);margin-top:0;margin-bottom:0;padding-top:var(--wp--preset--spacing--10);padding-right:var(--wp--preset--spacing--10);padding-bottom:var(--wp--preset--spacing--10);padding-left:var(--wp--preset--spacing--10)\">\n<ul class=\"wp-block-list\">\n<li style=\"font-style:normal;font-weight:600\">D-TPV 2<\/li>\n<\/ul>\n\n\n\n<p><\/p>\n\n\n\n<p><\/p>\n\n\n\n<p>D-TPV 2- Nueva version del Software de venta para TPV con sistema de fidelizacion<strong>&nbsp;<\/strong>por huella dactilar, tarjeta de proximidad, banda magnetica, etc.<br><br>D-TPV 2, el sistema de fidelizaci\u00f3n, cobro y puntos mediante<strong>&nbsp;<\/strong>huella dactilar o Tarjeta. Utilizando un lector de huellas Hamster Nitgen de alta calidad, fiabilidad y resistencia.<\/p>\n\n\n\n<p>Nuevo entorno grafico, nuevas funciones y mejoras.<\/p>\n\n\n\n<p>Adaptado para cumplir con&nbsp;<a href=\"https:\/\/www.batuz.eus\/es\/inicio\" target=\"_blank\" rel=\"noreferrer noopener\">TicketBAI<\/a><br><br>Compatible con el cajon automatico&nbsp;<a href=\"https:\/\/www.dactilplus.com\/cajon-automatico-cash-bank-cube.php\" target=\"_blank\" rel=\"noreferrer noopener\">Cash Bank Cube<\/a><\/p>\n\n\n\n<p>Con cobro con tarjeta de credito integrado via&nbsp;<a href=\"https:\/\/www.dactilplus.com\/www.paytef.es\" target=\"_blank\" rel=\"noreferrer noopener\">PAYTEF<\/a><\/p>\n\n\n\n<p>App para Android &nbsp;<a href=\"https:\/\/play.google.com\/store\/apps\/details?id=dtpv.android\" target=\"_blank\" rel=\"noreferrer noopener\">D-TPV Android<\/a><\/p>\n\n\n\n<p><\/p>\n\n\n\n<figure class=\"wp-block-image size-full is-resized has-custom-border is-style-rounded is-style-rounded--3\"><a href=\"https:\/\/www.dactilplus.com\/es\/wp-content\/uploads\/2024\/06\/2024-06-05_08-44-16.png\"><img loading=\"lazy\" decoding=\"async\" width=\"1023\" height=\"769\" src=\"https:\/\/www.dactilplus.com\/es\/wp-content\/uploads\/2024\/06\/2024-06-05_08-44-16.png\" alt=\"\" class=\"wp-image-711\" style=\"border-width:2px;border-radius:5px;box-shadow:var(--wp--preset--shadow--natural);width:622px;height:auto\" srcset=\"https:\/\/www.dactilplus.com\/es\/wp-content\/uploads\/2024\/06\/2024-06-05_08-44-16.png 1023w, https:\/\/www.dactilplus.com\/es\/wp-content\/uploads\/2024\/06\/2024-06-05_08-44-16-300x226.png 300w, https:\/\/www.dactilplus.com\/es\/wp-content\/uploads\/2024\/06\/2024-06-05_08-44-16-768x577.png 768w\" sizes=\"auto, (max-width: 1023px) 100vw, 1023px\" \/><\/a><\/figure>\n\n\n\n<p><\/p>\n\n\n\n<div class=\"wp-block-buttons is-layout-flex wp-block-buttons-is-layout-flex\">\n<div class=\"wp-block-button\"><a class=\"wp-block-button__link wp-element-button\" href=\"https:\/\/www.dactilplus.com\/es\/d-tpv-2\/\" style=\"padding-top:var(--wp--preset--spacing--10);padding-bottom:var(--wp--preset--spacing--10)\">M\u00e1s informaci\u00f3n<\/a><\/div>\n<\/div>\n<\/div>\n","protected":false},"excerpt":{"rendered":"<p>Software de control de accesos y fichajes de personal BioSecuritas PRO 2 [BS PRO 2] , el sistema de control de acceso, presencia, gesti\u00f3n de centros deportivos y gesti\u00f3n de usuarios y zonas utilizando RFID Activa, como t\u00faneles, entradas a obras u hospitales.&nbsp; Adaptado para generar archivo para enviar a la sede electr\u00f3nica para registrar [&hellip;]<\/p>\n","protected":false},"author":1,"featured_media":0,"parent":0,"menu_order":0,"comment_status":"closed","ping_status":"open","template":"","meta":{"footnotes":""},"class_list":["post-212","page","type-page","status-publish","hentry"],"yoast_head":"<!-- This site is optimized with the Yoast SEO plugin v27.4 - https:\/\/yoast.com\/product\/yoast-seo-wordpress\/ -->\r\n<title>Software - DactilPlus<\/title>\r\n<meta name=\"robots\" content=\"index, follow, max-snippet:-1, max-image-preview:large, max-video-preview:-1\" \/>\r\n<link rel=\"canonical\" href=\"https:\/\/www.dactilplus.com\/es\/software\/\" \/>\r\n<meta property=\"og:locale\" content=\"es_ES\" \/>\r\n<meta property=\"og:type\" content=\"article\" \/>\r\n<meta property=\"og:title\" content=\"Software - DactilPlus\" \/>\r\n<meta property=\"og:description\" content=\"Software de control de accesos y fichajes de personal BioSecuritas PRO 2 [BS PRO 2] , el sistema de control de acceso, presencia, gesti\u00f3n de centros deportivos y gesti\u00f3n de usuarios y zonas utilizando RFID Activa, como t\u00faneles, entradas a obras u hospitales.&nbsp; Adaptado para generar archivo para enviar a la sede electr\u00f3nica para registrar [&hellip;]\" \/>\r\n<meta property=\"og:url\" content=\"https:\/\/www.dactilplus.com\/es\/software\/\" \/>\r\n<meta property=\"og:site_name\" content=\"DactilPlus\" \/>\r\n<meta property=\"article:publisher\" content=\"https:\/\/www.facebook.com\/dactilplus\" \/>\r\n<meta property=\"article:modified_time\" content=\"2024-06-05T07:09:52+00:00\" \/>\r\n<meta property=\"og:image\" content=\"https:\/\/www.dactilplus.com\/es\/wp-content\/uploads\/2024\/05\/2024-05-13_11-10-39-1024x620.png\" \/>\r\n<meta name=\"twitter:card\" content=\"summary_large_image\" \/>\r\n<meta name=\"twitter:site\" content=\"@Dactilplus\" \/>\r\n<meta name=\"twitter:label1\" content=\"Tiempo de lectura\" \/>\n\t<meta name=\"twitter:data1\" content=\"1 minuto\" \/>\r\n<script type=\"application\/ld+json\" class=\"yoast-schema-graph\">{\"@context\":\"https:\\\/\\\/schema.org\",\"@graph\":[{\"@type\":\"WebPage\",\"@id\":\"https:\\\/\\\/www.dactilplus.com\\\/es\\\/software\\\/\",\"url\":\"https:\\\/\\\/www.dactilplus.com\\\/es\\\/software\\\/\",\"name\":\"Software - DactilPlus\",\"isPartOf\":{\"@id\":\"https:\\\/\\\/www.dactilplus.com\\\/es\\\/#website\"},\"primaryImageOfPage\":{\"@id\":\"https:\\\/\\\/www.dactilplus.com\\\/es\\\/software\\\/#primaryimage\"},\"image\":{\"@id\":\"https:\\\/\\\/www.dactilplus.com\\\/es\\\/software\\\/#primaryimage\"},\"thumbnailUrl\":\"https:\\\/\\\/www.dactilplus.com\\\/es\\\/wp-content\\\/uploads\\\/2024\\\/05\\\/2024-05-13_11-10-39-1024x620.png\",\"datePublished\":\"2024-05-15T07:06:44+00:00\",\"dateModified\":\"2024-06-05T07:09:52+00:00\",\"breadcrumb\":{\"@id\":\"https:\\\/\\\/www.dactilplus.com\\\/es\\\/software\\\/#breadcrumb\"},\"inLanguage\":\"es\",\"potentialAction\":[{\"@type\":\"ReadAction\",\"target\":[\"https:\\\/\\\/www.dactilplus.com\\\/es\\\/software\\\/\"]}]},{\"@type\":\"ImageObject\",\"inLanguage\":\"es\",\"@id\":\"https:\\\/\\\/www.dactilplus.com\\\/es\\\/software\\\/#primaryimage\",\"url\":\"https:\\\/\\\/www.dactilplus.com\\\/es\\\/wp-content\\\/uploads\\\/2024\\\/05\\\/2024-05-13_11-10-39.png\",\"contentUrl\":\"https:\\\/\\\/www.dactilplus.com\\\/es\\\/wp-content\\\/uploads\\\/2024\\\/05\\\/2024-05-13_11-10-39.png\",\"width\":1262,\"height\":764},{\"@type\":\"BreadcrumbList\",\"@id\":\"https:\\\/\\\/www.dactilplus.com\\\/es\\\/software\\\/#breadcrumb\",\"itemListElement\":[{\"@type\":\"ListItem\",\"position\":1,\"name\":\"Portada\",\"item\":\"https:\\\/\\\/www.dactilplus.com\\\/es\\\/\"},{\"@type\":\"ListItem\",\"position\":2,\"name\":\"Software\"}]},{\"@type\":\"WebSite\",\"@id\":\"https:\\\/\\\/www.dactilplus.com\\\/es\\\/#website\",\"url\":\"https:\\\/\\\/www.dactilplus.com\\\/es\\\/\",\"name\":\"DactilPlus\",\"description\":\"Software, controles de acceso, tornos , centrales de pago, cajones de autocobro y proyectos a medida\",\"publisher\":{\"@id\":\"https:\\\/\\\/www.dactilplus.com\\\/es\\\/#organization\"},\"potentialAction\":[{\"@type\":\"SearchAction\",\"target\":{\"@type\":\"EntryPoint\",\"urlTemplate\":\"https:\\\/\\\/www.dactilplus.com\\\/es\\\/?s={search_term_string}\"},\"query-input\":{\"@type\":\"PropertyValueSpecification\",\"valueRequired\":true,\"valueName\":\"search_term_string\"}}],\"inLanguage\":\"es\"},{\"@type\":\"Organization\",\"@id\":\"https:\\\/\\\/www.dactilplus.com\\\/es\\\/#organization\",\"name\":\"Dactilplus Servicios Integrale S.L.\",\"url\":\"https:\\\/\\\/www.dactilplus.com\\\/es\\\/\",\"logo\":{\"@type\":\"ImageObject\",\"inLanguage\":\"es\",\"@id\":\"https:\\\/\\\/www.dactilplus.com\\\/es\\\/#\\\/schema\\\/logo\\\/image\\\/\",\"url\":\"https:\\\/\\\/www.dactilplus.com\\\/es\\\/wp-content\\\/uploads\\\/2024\\\/04\\\/logo_dactil_trans_nueva.png\",\"contentUrl\":\"https:\\\/\\\/www.dactilplus.com\\\/es\\\/wp-content\\\/uploads\\\/2024\\\/04\\\/logo_dactil_trans_nueva.png\",\"width\":555,\"height\":271,\"caption\":\"Dactilplus Servicios Integrale S.L.\"},\"image\":{\"@id\":\"https:\\\/\\\/www.dactilplus.com\\\/es\\\/#\\\/schema\\\/logo\\\/image\\\/\"},\"sameAs\":[\"https:\\\/\\\/www.facebook.com\\\/dactilplus\",\"https:\\\/\\\/x.com\\\/Dactilplus\",\"https:\\\/\\\/www.instagram.com\\\/dactilplus\\\/\"]}]}<\/script>\r\n<!-- \/ Yoast SEO plugin. -->","yoast_head_json":{"title":"Software - DactilPlus","robots":{"index":"index","follow":"follow","max-snippet":"max-snippet:-1","max-image-preview":"max-image-preview:large","max-video-preview":"max-video-preview:-1"},"canonical":"https:\/\/www.dactilplus.com\/es\/software\/","og_locale":"es_ES","og_type":"article","og_title":"Software - DactilPlus","og_description":"Software de control de accesos y fichajes de personal BioSecuritas PRO 2 [BS PRO 2] , el sistema de control de acceso, presencia, gesti\u00f3n de centros deportivos y gesti\u00f3n de usuarios y zonas utilizando RFID Activa, como t\u00faneles, entradas a obras u hospitales.&nbsp; Adaptado para generar archivo para enviar a la sede electr\u00f3nica para registrar [&hellip;]","og_url":"https:\/\/www.dactilplus.com\/es\/software\/","og_site_name":"DactilPlus","article_publisher":"https:\/\/www.facebook.com\/dactilplus","article_modified_time":"2024-06-05T07:09:52+00:00","og_image":[{"url":"https:\/\/www.dactilplus.com\/es\/wp-content\/uploads\/2024\/05\/2024-05-13_11-10-39-1024x620.png","type":"","width":"","height":""}],"twitter_card":"summary_large_image","twitter_site":"@Dactilplus","twitter_misc":{"Tiempo de lectura":"1 minuto"},"schema":{"@context":"https:\/\/schema.org","@graph":[{"@type":"WebPage","@id":"https:\/\/www.dactilplus.com\/es\/software\/","url":"https:\/\/www.dactilplus.com\/es\/software\/","name":"Software - DactilPlus","isPartOf":{"@id":"https:\/\/www.dactilplus.com\/es\/#website"},"primaryImageOfPage":{"@id":"https:\/\/www.dactilplus.com\/es\/software\/#primaryimage"},"image":{"@id":"https:\/\/www.dactilplus.com\/es\/software\/#primaryimage"},"thumbnailUrl":"https:\/\/www.dactilplus.com\/es\/wp-content\/uploads\/2024\/05\/2024-05-13_11-10-39-1024x620.png","datePublished":"2024-05-15T07:06:44+00:00","dateModified":"2024-06-05T07:09:52+00:00","breadcrumb":{"@id":"https:\/\/www.dactilplus.com\/es\/software\/#breadcrumb"},"inLanguage":"es","potentialAction":[{"@type":"ReadAction","target":["https:\/\/www.dactilplus.com\/es\/software\/"]}]},{"@type":"ImageObject","inLanguage":"es","@id":"https:\/\/www.dactilplus.com\/es\/software\/#primaryimage","url":"https:\/\/www.dactilplus.com\/es\/wp-content\/uploads\/2024\/05\/2024-05-13_11-10-39.png","contentUrl":"https:\/\/www.dactilplus.com\/es\/wp-content\/uploads\/2024\/05\/2024-05-13_11-10-39.png","width":1262,"height":764},{"@type":"BreadcrumbList","@id":"https:\/\/www.dactilplus.com\/es\/software\/#breadcrumb","itemListElement":[{"@type":"ListItem","position":1,"name":"Portada","item":"https:\/\/www.dactilplus.com\/es\/"},{"@type":"ListItem","position":2,"name":"Software"}]},{"@type":"WebSite","@id":"https:\/\/www.dactilplus.com\/es\/#website","url":"https:\/\/www.dactilplus.com\/es\/","name":"DactilPlus","description":"Software, controles de acceso, tornos , centrales de pago, cajones de autocobro y proyectos a medida","publisher":{"@id":"https:\/\/www.dactilplus.com\/es\/#organization"},"potentialAction":[{"@type":"SearchAction","target":{"@type":"EntryPoint","urlTemplate":"https:\/\/www.dactilplus.com\/es\/?s={search_term_string}"},"query-input":{"@type":"PropertyValueSpecification","valueRequired":true,"valueName":"search_term_string"}}],"inLanguage":"es"},{"@type":"Organization","@id":"https:\/\/www.dactilplus.com\/es\/#organization","name":"Dactilplus Servicios Integrale S.L.","url":"https:\/\/www.dactilplus.com\/es\/","logo":{"@type":"ImageObject","inLanguage":"es","@id":"https:\/\/www.dactilplus.com\/es\/#\/schema\/logo\/image\/","url":"https:\/\/www.dactilplus.com\/es\/wp-content\/uploads\/2024\/04\/logo_dactil_trans_nueva.png","contentUrl":"https:\/\/www.dactilplus.com\/es\/wp-content\/uploads\/2024\/04\/logo_dactil_trans_nueva.png","width":555,"height":271,"caption":"Dactilplus Servicios Integrale S.L."},"image":{"@id":"https:\/\/www.dactilplus.com\/es\/#\/schema\/logo\/image\/"},"sameAs":["https:\/\/www.facebook.com\/dactilplus","https:\/\/x.com\/Dactilplus","https:\/\/www.instagram.com\/dactilplus\/"]}]}},"_links":{"self":[{"href":"https:\/\/www.dactilplus.com\/es\/wp-json\/wp\/v2\/pages\/212","targetHints":{"allow":["GET"]}}],"collection":[{"href":"https:\/\/www.dactilplus.com\/es\/wp-json\/wp\/v2\/pages"}],"about":[{"href":"https:\/\/www.dactilplus.com\/es\/wp-json\/wp\/v2\/types\/page"}],"author":[{"embeddable":true,"href":"https:\/\/www.dactilplus.com\/es\/wp-json\/wp\/v2\/users\/1"}],"replies":[{"embeddable":true,"href":"https:\/\/www.dactilplus.com\/es\/wp-json\/wp\/v2\/comments?post=212"}],"version-history":[{"count":10,"href":"https:\/\/www.dactilplus.com\/es\/wp-json\/wp\/v2\/pages\/212\/revisions"}],"predecessor-version":[{"id":714,"href":"https:\/\/www.dactilplus.com\/es\/wp-json\/wp\/v2\/pages\/212\/revisions\/714"}],"wp:attachment":[{"href":"https:\/\/www.dactilplus.com\/es\/wp-json\/wp\/v2\/media?parent=212"}],"curies":[{"name":"wp","href":"https:\/\/api.w.org\/{rel}","templated":true}]}}