{"id":89,"date":"2024-04-28T14:03:05","date_gmt":"2024-04-28T13:03:05","guid":{"rendered":"https:\/\/www.dactilplus.com\/es\/?page_id=89"},"modified":"2026-03-16T09:21:19","modified_gmt":"2026-03-16T08:21:19","slug":"condiciones-generales","status":"publish","type":"page","link":"https:\/\/www.dactilplus.com\/es\/condiciones-generales\/","title":{"rendered":"Condiciones generales"},"content":{"rendered":"\n<div class=\"wp-block-group alignwide is-layout-flow wp-block-group-is-layout-flow\">\n<p style=\"font-style:normal;font-weight:700\">Ley de Servicios de la Sociedad de la Informaci\u00f3n y Comercio Electr\u00f3nico (34\/2002 de 11 de julio)<\/p>\n\n\n\n<p>Art\u00edculo 10 Informaci\u00f3n general<\/p>\n\n\n\n<p>1. Sin perjuicio de los requisitos que en materia de informaci\u00f3n se establecen en la normativa vigente, el prestador de servicios de la sociedad de la informaci\u00f3n estar\u00e1 obligado a disponer de los medios que permitan, tanto a los destinatarios del servicio como a los \u00f3rganos competentes, acceder por medios electr\u00f3nicos, de forma permanente, f\u00e1cil, directa y gratuita, a la siguiente informaci\u00f3n:<\/p>\n\n\n\n<p>a) Su nombre o denominaci\u00f3n social; su residencia o domicilio o, en su defecto, la direcci\u00f3n de uno de sus establecimientos permanentes en Espa\u00f1a; su direcci\u00f3n de correo electr\u00f3nico y cualquier otro dato que permita establecer con \u00e9l una comunicaci\u00f3n directa y efectiva. DACTILPLUS SERVICIOS INTEGRALES S.L ; Calle Uraga N\u00ba4 , Derecha \u2013 48903 \u2013 Barakaldo \u2013 Bizkaia, Espa\u00f1a; info@dactilplus.com; telf. 946690257.<\/p>\n\n\n\n<p>b) Los datos de su inscripci\u00f3n en el Registro Mercantil en el que, en su caso, se encuentren inscritos o de aquel otro registro p\u00fablico en el que lo estuvieran para la adquisici\u00f3n de personalidad jur\u00eddica o a los solos efectos de publicidad: Empresa Inscrita en el Registro Mercantil de Bizkaia, Tomo 6031, Libro 0, Folio 159, Secci\u00f3n 8, Hoja BI 77451, Inscripci\u00f3n 1<\/p>\n\n\n\n<p>c) El n\u00famero de identificaci\u00f3n fiscal que le corresponda B16869653<\/p>\n\n\n\n<p>As\u00ed como que tengan completado los t\u00e9rminos y condiciones referentes a:<\/p>\n\n\n\n<p>\u2013 Cancelaci\u00f3n de pedidos: Hasta 5 d\u00edas naturales para la cancelaci\u00f3n de pedidos.<\/p>\n\n\n\n<p>\u2013 Devoluci\u00f3n y reembolso: Hasta 15 d\u00edas naturales para la devoluci\u00f3n y reembolso de pedidos. Los costes de devoluci\u00f3n correr\u00e1n a cuenta del cliente.&nbsp;<\/p>\n\n\n\n<p>\u2013 Seguridad Protecci\u00f3n a compradores: Los pagos de las compras en www.dactilplus.com se hacen a trav\u00e9s de Redsys con todos los sistemas de encriptaci\u00f3n y seguridad de transferencia de datos a trav\u00e9s del protocolo SSL, por lo que el comprador gozar\u00e1 en todo momento con la protecci\u00f3n de estos canales.<\/p>\n\n\n\n<p>\u2013 Env\u00edos, privacidad y protecci\u00f3n de datos: el env\u00edo de paqueter\u00eda se realiza a trav\u00e9s de la empresa de transporte GLS y el env\u00edo de la mercanc\u00eda paletizada se realiza a trav\u00e9s de la empresa de transporte MBE.<\/p>\n\n\n\n<p>El plazo de entrega de los pedidos es variable dependiendo del material solicitado, algunos en 24h otros en 6 semanas.Consultar antes de realizar el pedido.<\/p>\n\n\n\n<p>\u2013 El per\u00edodo de garant\u00eda del producto se iniciar\u00e1 una vez se reciba el producto.<\/p>\n\n\n\n<p><strong>A. Condiciones generales de los pedidos.<\/strong><br><br>A.1. &#8211; Los gastos de env\u00edo \u00f3 contra reembolso &nbsp;no est\u00e1n incluidos excepto que se incluya en un presupuesto o al realizar la compra.<br>A.2.&nbsp;&#8211; El IVA est\u00e1 incluido en el precio de la web.<br>A.3.&nbsp;&#8211; Gastos de env\u00edo para Espa\u00f1a [ \u00danicamente para pedidos realizados a trav\u00e9s de la web ]: Se seleccionan al realizar el pedido.<\/p>\n\n\n\n<p><br><strong>B. Condiciones generales de devoluciones.<\/strong><br><br>B.1. &#8211; El env\u00edo de devoluciones se hara a gastos pagados.<br>B.2.&nbsp;&#8211; No se admitir\u00e1n devoluciones del importe de \u00abLicencias de Software\u00bb ya instaladas, es decir, cuando se genero un numero de serie.<br>B.3.&nbsp;&#8211; No se admitir\u00e1n devoluciones pasados 15 d\u00edas de la entrega del material, excepto por defecto en el material.<br>B.4.&nbsp;&#8211; El material debe devolverse en las mismas condiciones que se envi\u00f3.<br>B.5. &#8211; Cuando se realicen adaptaciones \u00f3 desarrollo de aplicaciones a medida no se devolver\u00e1 su valor. As\u00ed mismo tampoco el de la aplicaci\u00f3n sobre las que estaban realizadas.<\/p>\n\n\n\n<p>B.6. &#8211;&nbsp;En Chips RFID, ya sean tarjetas, pulseras, llaveros o cualquier tag siempre hay &nbsp;unos m\u00e1rgenes de error y unas tolerancias. Normalmente se da como bueno entre un &nbsp;3 y un 5%.<\/p>\n\n\n\n<p>Lo &nbsp;que hacemos normalmente es que las reemplazamos con nuevas entregas, es decir, &nbsp;cuando el cliente necesite mas pulseras, nos env\u00eda las que no han funcionado y &nbsp;aprovechamos el nuevo pedido para reemplazarlas.<br><\/p>\n\n\n\n<p><br><strong>C. Condiciones generales de Garant\u00eda.<\/strong><br><br>C.1. &#8211; En caso de defecto del material p\u00f3ngase en contacto con nosotros para gestionar el RMA.<br>C.2.&nbsp;&#8211; Nuestros equipos tienen 2 a\u00f1os de garant\u00eda, esta garant\u00eda no incluye el mal uso o deterioro del material por parte del comprador.<br>C.3.- Si es preciso abrir un RMA con un articulo en garant\u00eda, el cliente nos enviar\u00e1 el material a portes pagados una vez nosotros le hayamos facilitado el numero de RMA. Una vez revisado o reparado el material nosotros se lo devolveremos a portes pagados. Si el material no tiene ning\u00fan desperfecto se podr\u00e1 cobrar el tiempo en su revisi\u00f3n.<br><br><br><strong>D. Condiciones generales de Asistencia T\u00e9cnica y Mantenimiento.<\/strong><\/p>\n\n\n\n<p>D.1. &#8211; &nbsp; La contrataci\u00f3n de asistencia t\u00e9cnica y mantenimiento es opcional.&nbsp;&nbsp;<\/p>\n\n\n\n<p>D.2. &#8211; &nbsp; El primer a\u00f1o la asistencia t\u00e9cnica y el mantenimiento son gratuitos en todo nuestro software &nbsp; registrado, no las versiones gratuitas .<br><br>D.3. &#8211; &nbsp; Si est\u00e1n interesados en renovar este servicio para poder seguir disfrutando, tanto de las actualizaciones de su programa, como de la asistencia t\u00e9cnica.&nbsp; Consultar el coste de renovaci\u00f3n por licencia en la web.<\/p>\n\n\n\n<p>D.4. &#8211; &nbsp; Pasados 30 d\u00edas a partir de la fecha de finalizaci\u00f3n del servicio, si se desea reactivar el servicio, el coste de reactivaci\u00f3n del servicio ser\u00e1 de un 190 % del coste de renovaci\u00f3n normal de esa licencia.<\/p>\n\n\n\n<p>D.5. &#8211; &nbsp; Si un usuario no renueva la Asistencia T\u00e9cnica y el Mantenimiento Online no podr\u00e1 actualizar su software a versiones superiores. En el caso de hacerlo no contar\u00e1 con el soporte t\u00e9cnico de DactilPlus.<\/p>\n\n\n\n<p>D.6. &#8211; &nbsp; La Asistencia T\u00e9cnica y Mantenimiento Online cubrir\u00e1 \u00fanicamente fallos, problemas o consultas generadas por nuestro software, en ning\u00fan caso fallos ocasionados por otros programas o fallos de terceros. Siendo preciso presupuestar la asistencia puntual en el caso de solicitar nuestros servicios.<br><br>D.7. &#8211; &nbsp; El horario del soporte t\u00e9cnico es de 9:00 a 14:00 de Lunes a Viernes, es recomendable llamar para coger cita, as\u00ed se asegurar\u00e1 tener un t\u00e9cnico disponible. Agosto cerrado por vacaciones.<\/p>\n\n\n\n<p>D.8. &#8211; &nbsp; El departamento t\u00e9cnico no tolerar\u00e1 malos comportamientos o trato inadecuado por parte del cliente.<\/p>\n\n\n\n<p>D.9. &#8211; &nbsp; La Asistencia T\u00e9cnica se prestar\u00e1 de forma remota, bien por el correo <strong>soporte@dactilplus.com<\/strong> o por tel\u00e9fono\/whatsapp <strong>946690257<\/strong>. Siendo siempre recomendable contactar primeramente por email para poder reservar hora con un t\u00e9cnico.<\/p>\n\n\n\n<p>D.10. &#8211;&nbsp; DactilPlus no acceder\u00e1 a datos personales ni de clientes ni de empleados, s\u00f3lo revisar\u00e1 la configuraci\u00f3n o detalles t\u00e9cnicos del programa.<\/p>\n\n\n\n<p>D.11. &#8211; Ser\u00e1 preciso contar con conexi\u00f3n a internet para ejecutar las herramientas de conexi\u00f3n remota as\u00ed como alguien para ejecutar dicho software en el PC a asistir.<\/p>\n\n\n\n<p>D.12. &#8211; En el caso de usar D-TPV 2 con TicketBai \/ Batuz la renovaci\u00f3n ser\u00e1 obligatoria para el envio de ventas a la Hacienda vasca.<\/p>\n\n\n\n<p>M\u00e1s informaci\u00f3n <a href=\"https:\/\/www.dactilplus.com\/es\/renovacion-de-asistencia-tecnica\/\">aqui<\/a>.<br><br><strong>F. Condiciones de Servidor de Bases de datos Web en programas .NET.<\/strong><br><br>F.1. &#8211; Para poder dar un servicio de base de datos web de calidad, rapido y eficiente debemos mantener y mejorar nuestros servidores constantemente. Por eso mismo debemos cobrar ese servicio.<br>F.2.&nbsp;&#8211; La contrataci\u00f3n de servicio de servidor de base de datos Web .NET en nuestro software .NET es obligatoria, a no ser que usen su propio servidor Web.<br>F.3.&nbsp;&#8211; El coste del servicio de servidor de base de datos web .NET es de 79,95\u20ac + IVA \/ a\u00f1o, en paquetes de 10 licencias. Es decir si usted tiene de 1 a 10 licencias abonar\u00e1 79,95\u20ac + IVA \/ a\u00f1o, si usted tiene 12 licencias deber\u00e1 abonar 159,9\u20ac + IVA \/ a\u00f1o.<br>F.4.&nbsp;&#8211; Si despu\u00e9s de nuestro aviso de renovaci\u00f3n no se abona la cuota anual, la base de datos web .NET quedara suspendida temporalmente.<br><strong><br>G. Condiciones de las Licencias Adquiridas<\/strong><br><br>G.1. &#8211; Todo usuario \u00f3 cliente que adquiera una licencia de software tendr\u00e1 un plazo m\u00e1ximo de un a\u00f1o para utilizar la licencia, pasado ese tiempo la licencia podr\u00eda quedar inutilizada y seria preciso re calcular los precios debido al cambio de versiones.<br><br><strong>H. Condiciones de Impagos<\/strong><br><br>H.1. &#8211; En el caso de que un cliente genere un impago se cobrar\u00e1 un 5 % del importe pendiente que se tenga cada mes de penalizaci\u00f3n.<br>H.2. &#8211; En caso de Licencias de Software las licencias pueden quedar suspendidas hasta que se elimine totalmente la deuda.<br><\/p>\n\n\n\n<figure class=\"wp-block-image size-full\"><img loading=\"lazy\" decoding=\"async\" width=\"389\" height=\"129\" src=\"https:\/\/www.dactilplus.com\/es\/wp-content\/uploads\/2024\/07\/images-1.jpg\" alt=\"condiciones generales \" class=\"wp-image-1704\" srcset=\"https:\/\/www.dactilplus.com\/es\/wp-content\/uploads\/2024\/07\/images-1.jpg 389w, https:\/\/www.dactilplus.com\/es\/wp-content\/uploads\/2024\/07\/images-1-300x99.jpg 300w\" sizes=\"auto, (max-width: 389px) 100vw, 389px\" \/><\/figure>\n\n\n\n<p class=\"has-text-align-left has-body-font-family has-small-font-size\">D.U.N.S: 470645777<br>RII_AEE: 21558<\/p>\n<\/div>\n\n\n\n<p><\/p>\n","protected":false},"excerpt":{"rendered":"<p>Ley de Servicios de la Sociedad de la Informaci\u00f3n y Comercio Electr\u00f3nico (34\/2002 de 11 de julio) Art\u00edculo 10 Informaci\u00f3n general 1. Sin perjuicio de los requisitos que en materia de informaci\u00f3n se establecen en la normativa vigente, el prestador de servicios de la sociedad de la informaci\u00f3n estar\u00e1 obligado a disponer de los medios [&hellip;]<\/p>\n","protected":false},"author":1,"featured_media":0,"parent":0,"menu_order":0,"comment_status":"closed","ping_status":"open","template":"","meta":{"footnotes":""},"class_list":["post-89","page","type-page","status-publish","hentry"],"yoast_head":"<!-- This site is optimized with the Yoast SEO plugin v27.4 - https:\/\/yoast.com\/product\/yoast-seo-wordpress\/ -->\r\n<title>Condiciones generales - DactilPlus<\/title>\r\n<meta name=\"description\" content=\"Condiciones generales del uso de nuestros sistema y compra de nuestros productos relacionados con la compra y asistencia t\u00e9cnica.\" \/>\r\n<meta name=\"robots\" content=\"index, follow, max-snippet:-1, max-image-preview:large, max-video-preview:-1\" \/>\r\n<link rel=\"canonical\" href=\"https:\/\/www.dactilplus.com\/es\/condiciones-generales\/\" \/>\r\n<meta property=\"og:locale\" content=\"es_ES\" \/>\r\n<meta property=\"og:type\" content=\"article\" \/>\r\n<meta property=\"og:title\" content=\"Condiciones generales - DactilPlus\" \/>\r\n<meta property=\"og:description\" content=\"Condiciones generales del uso de nuestros sistema y compra de nuestros productos relacionados con la compra y asistencia t\u00e9cnica.\" \/>\r\n<meta property=\"og:url\" content=\"https:\/\/www.dactilplus.com\/es\/condiciones-generales\/\" \/>\r\n<meta property=\"og:site_name\" content=\"DactilPlus\" \/>\r\n<meta property=\"article:publisher\" content=\"https:\/\/www.facebook.com\/dactilplus\" \/>\r\n<meta property=\"article:modified_time\" content=\"2026-03-16T08:21:19+00:00\" \/>\r\n<meta property=\"og:image\" content=\"https:\/\/www.dactilplus.com\/es\/wp-content\/uploads\/2024\/07\/images-1.jpg\" \/>\r\n\t<meta property=\"og:image:width\" content=\"389\" \/>\r\n\t<meta property=\"og:image:height\" content=\"129\" \/>\r\n\t<meta property=\"og:image:type\" content=\"image\/jpeg\" \/>\r\n<meta name=\"twitter:card\" content=\"summary_large_image\" \/>\r\n<meta name=\"twitter:site\" content=\"@Dactilplus\" \/>\r\n<meta name=\"twitter:label1\" content=\"Tiempo de lectura\" \/>\n\t<meta name=\"twitter:data1\" content=\"7 minutos\" \/>\r\n<script type=\"application\/ld+json\" class=\"yoast-schema-graph\">{\"@context\":\"https:\\\/\\\/schema.org\",\"@graph\":[{\"@type\":\"WebPage\",\"@id\":\"https:\\\/\\\/www.dactilplus.com\\\/es\\\/condiciones-generales\\\/\",\"url\":\"https:\\\/\\\/www.dactilplus.com\\\/es\\\/condiciones-generales\\\/\",\"name\":\"Condiciones generales - DactilPlus\",\"isPartOf\":{\"@id\":\"https:\\\/\\\/www.dactilplus.com\\\/es\\\/#website\"},\"primaryImageOfPage\":{\"@id\":\"https:\\\/\\\/www.dactilplus.com\\\/es\\\/condiciones-generales\\\/#primaryimage\"},\"image\":{\"@id\":\"https:\\\/\\\/www.dactilplus.com\\\/es\\\/condiciones-generales\\\/#primaryimage\"},\"thumbnailUrl\":\"https:\\\/\\\/www.dactilplus.com\\\/es\\\/wp-content\\\/uploads\\\/2024\\\/07\\\/images-1.jpg\",\"datePublished\":\"2024-04-28T13:03:05+00:00\",\"dateModified\":\"2026-03-16T08:21:19+00:00\",\"description\":\"Condiciones generales del uso de nuestros sistema y compra de nuestros productos relacionados con la compra y asistencia t\u00e9cnica.\",\"breadcrumb\":{\"@id\":\"https:\\\/\\\/www.dactilplus.com\\\/es\\\/condiciones-generales\\\/#breadcrumb\"},\"inLanguage\":\"es\",\"potentialAction\":[{\"@type\":\"ReadAction\",\"target\":[\"https:\\\/\\\/www.dactilplus.com\\\/es\\\/condiciones-generales\\\/\"]}]},{\"@type\":\"ImageObject\",\"inLanguage\":\"es\",\"@id\":\"https:\\\/\\\/www.dactilplus.com\\\/es\\\/condiciones-generales\\\/#primaryimage\",\"url\":\"https:\\\/\\\/www.dactilplus.com\\\/es\\\/wp-content\\\/uploads\\\/2024\\\/07\\\/images-1.jpg\",\"contentUrl\":\"https:\\\/\\\/www.dactilplus.com\\\/es\\\/wp-content\\\/uploads\\\/2024\\\/07\\\/images-1.jpg\",\"width\":389,\"height\":129},{\"@type\":\"BreadcrumbList\",\"@id\":\"https:\\\/\\\/www.dactilplus.com\\\/es\\\/condiciones-generales\\\/#breadcrumb\",\"itemListElement\":[{\"@type\":\"ListItem\",\"position\":1,\"name\":\"Portada\",\"item\":\"https:\\\/\\\/www.dactilplus.com\\\/es\\\/\"},{\"@type\":\"ListItem\",\"position\":2,\"name\":\"Condiciones generales\"}]},{\"@type\":\"WebSite\",\"@id\":\"https:\\\/\\\/www.dactilplus.com\\\/es\\\/#website\",\"url\":\"https:\\\/\\\/www.dactilplus.com\\\/es\\\/\",\"name\":\"DactilPlus\",\"description\":\"Software, controles de acceso, tornos , centrales de pago, cajones de autocobro y proyectos a medida\",\"publisher\":{\"@id\":\"https:\\\/\\\/www.dactilplus.com\\\/es\\\/#organization\"},\"potentialAction\":[{\"@type\":\"SearchAction\",\"target\":{\"@type\":\"EntryPoint\",\"urlTemplate\":\"https:\\\/\\\/www.dactilplus.com\\\/es\\\/?s={search_term_string}\"},\"query-input\":{\"@type\":\"PropertyValueSpecification\",\"valueRequired\":true,\"valueName\":\"search_term_string\"}}],\"inLanguage\":\"es\"},{\"@type\":\"Organization\",\"@id\":\"https:\\\/\\\/www.dactilplus.com\\\/es\\\/#organization\",\"name\":\"Dactilplus Servicios Integrale S.L.\",\"url\":\"https:\\\/\\\/www.dactilplus.com\\\/es\\\/\",\"logo\":{\"@type\":\"ImageObject\",\"inLanguage\":\"es\",\"@id\":\"https:\\\/\\\/www.dactilplus.com\\\/es\\\/#\\\/schema\\\/logo\\\/image\\\/\",\"url\":\"https:\\\/\\\/www.dactilplus.com\\\/es\\\/wp-content\\\/uploads\\\/2024\\\/04\\\/logo_dactil_trans_nueva.png\",\"contentUrl\":\"https:\\\/\\\/www.dactilplus.com\\\/es\\\/wp-content\\\/uploads\\\/2024\\\/04\\\/logo_dactil_trans_nueva.png\",\"width\":555,\"height\":271,\"caption\":\"Dactilplus Servicios Integrale S.L.\"},\"image\":{\"@id\":\"https:\\\/\\\/www.dactilplus.com\\\/es\\\/#\\\/schema\\\/logo\\\/image\\\/\"},\"sameAs\":[\"https:\\\/\\\/www.facebook.com\\\/dactilplus\",\"https:\\\/\\\/x.com\\\/Dactilplus\",\"https:\\\/\\\/www.instagram.com\\\/dactilplus\\\/\"]}]}<\/script>\r\n<!-- \/ Yoast SEO plugin. -->","yoast_head_json":{"title":"Condiciones generales - DactilPlus","description":"Condiciones generales del uso de nuestros sistema y compra de nuestros productos relacionados con la compra y asistencia t\u00e9cnica.","robots":{"index":"index","follow":"follow","max-snippet":"max-snippet:-1","max-image-preview":"max-image-preview:large","max-video-preview":"max-video-preview:-1"},"canonical":"https:\/\/www.dactilplus.com\/es\/condiciones-generales\/","og_locale":"es_ES","og_type":"article","og_title":"Condiciones generales - DactilPlus","og_description":"Condiciones generales del uso de nuestros sistema y compra de nuestros productos relacionados con la compra y asistencia t\u00e9cnica.","og_url":"https:\/\/www.dactilplus.com\/es\/condiciones-generales\/","og_site_name":"DactilPlus","article_publisher":"https:\/\/www.facebook.com\/dactilplus","article_modified_time":"2026-03-16T08:21:19+00:00","og_image":[{"width":389,"height":129,"url":"https:\/\/www.dactilplus.com\/es\/wp-content\/uploads\/2024\/07\/images-1.jpg","type":"image\/jpeg"}],"twitter_card":"summary_large_image","twitter_site":"@Dactilplus","twitter_misc":{"Tiempo de lectura":"7 minutos"},"schema":{"@context":"https:\/\/schema.org","@graph":[{"@type":"WebPage","@id":"https:\/\/www.dactilplus.com\/es\/condiciones-generales\/","url":"https:\/\/www.dactilplus.com\/es\/condiciones-generales\/","name":"Condiciones generales - DactilPlus","isPartOf":{"@id":"https:\/\/www.dactilplus.com\/es\/#website"},"primaryImageOfPage":{"@id":"https:\/\/www.dactilplus.com\/es\/condiciones-generales\/#primaryimage"},"image":{"@id":"https:\/\/www.dactilplus.com\/es\/condiciones-generales\/#primaryimage"},"thumbnailUrl":"https:\/\/www.dactilplus.com\/es\/wp-content\/uploads\/2024\/07\/images-1.jpg","datePublished":"2024-04-28T13:03:05+00:00","dateModified":"2026-03-16T08:21:19+00:00","description":"Condiciones generales del uso de nuestros sistema y compra de nuestros productos relacionados con la compra y asistencia t\u00e9cnica.","breadcrumb":{"@id":"https:\/\/www.dactilplus.com\/es\/condiciones-generales\/#breadcrumb"},"inLanguage":"es","potentialAction":[{"@type":"ReadAction","target":["https:\/\/www.dactilplus.com\/es\/condiciones-generales\/"]}]},{"@type":"ImageObject","inLanguage":"es","@id":"https:\/\/www.dactilplus.com\/es\/condiciones-generales\/#primaryimage","url":"https:\/\/www.dactilplus.com\/es\/wp-content\/uploads\/2024\/07\/images-1.jpg","contentUrl":"https:\/\/www.dactilplus.com\/es\/wp-content\/uploads\/2024\/07\/images-1.jpg","width":389,"height":129},{"@type":"BreadcrumbList","@id":"https:\/\/www.dactilplus.com\/es\/condiciones-generales\/#breadcrumb","itemListElement":[{"@type":"ListItem","position":1,"name":"Portada","item":"https:\/\/www.dactilplus.com\/es\/"},{"@type":"ListItem","position":2,"name":"Condiciones generales"}]},{"@type":"WebSite","@id":"https:\/\/www.dactilplus.com\/es\/#website","url":"https:\/\/www.dactilplus.com\/es\/","name":"DactilPlus","description":"Software, controles de acceso, tornos , centrales de pago, cajones de autocobro y proyectos a medida","publisher":{"@id":"https:\/\/www.dactilplus.com\/es\/#organization"},"potentialAction":[{"@type":"SearchAction","target":{"@type":"EntryPoint","urlTemplate":"https:\/\/www.dactilplus.com\/es\/?s={search_term_string}"},"query-input":{"@type":"PropertyValueSpecification","valueRequired":true,"valueName":"search_term_string"}}],"inLanguage":"es"},{"@type":"Organization","@id":"https:\/\/www.dactilplus.com\/es\/#organization","name":"Dactilplus Servicios Integrale S.L.","url":"https:\/\/www.dactilplus.com\/es\/","logo":{"@type":"ImageObject","inLanguage":"es","@id":"https:\/\/www.dactilplus.com\/es\/#\/schema\/logo\/image\/","url":"https:\/\/www.dactilplus.com\/es\/wp-content\/uploads\/2024\/04\/logo_dactil_trans_nueva.png","contentUrl":"https:\/\/www.dactilplus.com\/es\/wp-content\/uploads\/2024\/04\/logo_dactil_trans_nueva.png","width":555,"height":271,"caption":"Dactilplus Servicios Integrale S.L."},"image":{"@id":"https:\/\/www.dactilplus.com\/es\/#\/schema\/logo\/image\/"},"sameAs":["https:\/\/www.facebook.com\/dactilplus","https:\/\/x.com\/Dactilplus","https:\/\/www.instagram.com\/dactilplus\/"]}]}},"_links":{"self":[{"href":"https:\/\/www.dactilplus.com\/es\/wp-json\/wp\/v2\/pages\/89","targetHints":{"allow":["GET"]}}],"collection":[{"href":"https:\/\/www.dactilplus.com\/es\/wp-json\/wp\/v2\/pages"}],"about":[{"href":"https:\/\/www.dactilplus.com\/es\/wp-json\/wp\/v2\/types\/page"}],"author":[{"embeddable":true,"href":"https:\/\/www.dactilplus.com\/es\/wp-json\/wp\/v2\/users\/1"}],"replies":[{"embeddable":true,"href":"https:\/\/www.dactilplus.com\/es\/wp-json\/wp\/v2\/comments?post=89"}],"version-history":[{"count":12,"href":"https:\/\/www.dactilplus.com\/es\/wp-json\/wp\/v2\/pages\/89\/revisions"}],"predecessor-version":[{"id":2469,"href":"https:\/\/www.dactilplus.com\/es\/wp-json\/wp\/v2\/pages\/89\/revisions\/2469"}],"wp:attachment":[{"href":"https:\/\/www.dactilplus.com\/es\/wp-json\/wp\/v2\/media?parent=89"}],"curies":[{"name":"wp","href":"https:\/\/api.w.org\/{rel}","templated":true}]}}